{"id":1412,"date":"2022-06-05T23:42:20","date_gmt":"2022-06-05T23:42:20","guid":{"rendered":"http:\/\/www.webservicesgt.com\/?page_id=1412"},"modified":"2023-01-25T11:41:00","modified_gmt":"2023-01-25T17:41:00","slug":"ana-maria-perez-bosch-de-lopez","status":"publish","type":"page","link":"https:\/\/mariolopezestrada.org\/en\/ana-maria-perez-bosch-de-lopez\/","title":{"rendered":"Ana Mar\u00eda P\u00e9rez Bosch de L\u00f3pez"},"content":{"rendered":"\t\t<div data-elementor-type=\"wp-page\" data-elementor-id=\"1412\" class=\"elementor elementor-1412\" data-elementor-post-type=\"page\">\n\t\t\t\t\t\t<section class=\"elementor-section elementor-top-section elementor-element elementor-element-d1ed869 elementor-reverse-mobile elementor-section-boxed elementor-section-height-default elementor-section-height-default\" data-id=\"d1ed869\" data-element_type=\"section\" data-settings=\"{&quot;jet_parallax_layout_list&quot;:[]}\">\n\t\t\t\t\t\t<div class=\"elementor-container elementor-column-gap-no\">\n\t\t\t\t\t<div class=\"elementor-column elementor-col-100 elementor-top-column elementor-element elementor-element-198335b\" data-id=\"198335b\" data-element_type=\"column\">\n\t\t\t<div class=\"elementor-widget-wrap elementor-element-populated\">\n\t\t\t\t\t\t<div class=\"elementor-element elementor-element-7532c7a elementor-widget elementor-widget-spacer\" data-id=\"7532c7a\" data-element_type=\"widget\" data-widget_type=\"spacer.default\">\n\t\t\t\t<div class=\"elementor-widget-container\">\n\t\t\t\t\t\t\t<div class=\"elementor-spacer\">\n\t\t\t<div class=\"elementor-spacer-inner\"><\/div>\n\t\t<\/div>\n\t\t\t\t\t\t<\/div>\n\t\t\t\t<\/div>\n\t\t\t\t<section class=\"elementor-section elementor-inner-section elementor-element elementor-element-98d838f elementor-section-boxed elementor-section-height-default elementor-section-height-default\" data-id=\"98d838f\" data-element_type=\"section\" data-settings=\"{&quot;jet_parallax_layout_list&quot;:[]}\">\n\t\t\t\t\t\t<div class=\"elementor-container elementor-column-gap-default\">\n\t\t\t\t\t<div class=\"elementor-column elementor-col-50 elementor-inner-column elementor-element elementor-element-f2f5329\" data-id=\"f2f5329\" data-element_type=\"column\">\n\t\t\t<div class=\"elementor-widget-wrap elementor-element-populated\">\n\t\t\t\t\t\t<div class=\"elementor-element elementor-element-890fc3c elementor-widget__width-inherit elementor-widget elementor-widget-image\" data-id=\"890fc3c\" data-element_type=\"widget\" id=\"ANAEN\" data-widget_type=\"image.default\">\n\t\t\t\t<div class=\"elementor-widget-container\">\n\t\t\t\t\t\t\t\t\t\t\t\t\t\t\t<img fetchpriority=\"high\" decoding=\"async\" width=\"703\" height=\"537\" src=\"https:\/\/mariolopezestrada.org\/wp-content\/uploads\/2022\/06\/Bosch-provisional.png\" class=\"attachment-large size-large wp-image-1122\" alt=\"\" srcset=\"https:\/\/mariolopezestrada.org\/wp-content\/uploads\/2022\/06\/Bosch-provisional.png 703w, https:\/\/mariolopezestrada.org\/wp-content\/uploads\/2022\/06\/Bosch-provisional-300x229.png 300w\" sizes=\"(max-width: 703px) 100vw, 703px\" \/>\t\t\t\t\t\t\t\t\t\t\t\t\t\t\t<\/div>\n\t\t\t\t<\/div>\n\t\t\t\t\t<\/div>\n\t\t<\/div>\n\t\t\t\t<div class=\"elementor-column elementor-col-50 elementor-inner-column elementor-element elementor-element-25787f8\" data-id=\"25787f8\" data-element_type=\"column\">\n\t\t\t<div class=\"elementor-widget-wrap elementor-element-populated\">\n\t\t\t\t\t\t<div class=\"elementor-element elementor-element-46e55e1 elementor-widget elementor-widget-heading\" data-id=\"46e55e1\" data-element_type=\"widget\" id=\"AMLB\" data-widget_type=\"heading.default\">\n\t\t\t\t<div class=\"elementor-widget-container\">\n\t\t\t\t\t<h2 class=\"elementor-heading-title elementor-size-default\">Ana Mar\u00eda P\u00e9rez Bosch de L\u00f3pez<\/h2>\t\t\t\t<\/div>\n\t\t\t\t<\/div>\n\t\t\t\t\t<\/div>\n\t\t<\/div>\n\t\t\t\t\t<\/div>\n\t\t<\/section>\n\t\t\t\t<div class=\"elementor-element elementor-element-b0f114a elementor-widget elementor-widget-text-editor\" data-id=\"b0f114a\" data-element_type=\"widget\" data-widget_type=\"text-editor.default\">\n\t\t\t\t<div class=\"elementor-widget-container\">\n\t\t\t\t\t\t\t\t\t<p>Ana Mar\u00eda P\u00e9rez Bosch de L\u00f3pez is a member of the Board of Directors of Grupo Onyx, a consortium of companies involved in renewable energy generation, consumer products distribution, digital services, and commercial and industrial real estate development in Guatemala and Paraguay. &nbsp;<\/p>\n<p><\/p>\n<p>Ms. P\u00e9rez de L\u00f3pez is a philanthropist dedicated to improving the lives of Guatemalans and she&nbsp; serves on the Board of Directors of the Mario L\u00f3pez Estrada Foundation, one of the social arms of the business group. She is also an avid supporter of the Catholic Church and volunteers with social projects to help those most in need, including families with limited economic resources who live near the municipal garbage dump in Guatemala City.&nbsp;<\/p>\n<p><\/p>\n<p>Mrs. P\u00e9rez de L\u00f3pez is married to Mario L\u00f3pez Estrada, the founder of Grupo Onyx. &nbsp;She was born in Guatemala to Spanish parents, and holds both Guatemalan and Spanish citizenship.<\/p>\t\t\t\t\t\t\t\t<\/div>\n\t\t\t\t<\/div>\n\t\t\t\t<div class=\"elementor-element elementor-element-790c4b3 elementor-widget elementor-widget-spacer\" data-id=\"790c4b3\" data-element_type=\"widget\" data-widget_type=\"spacer.default\">\n\t\t\t\t<div class=\"elementor-widget-container\">\n\t\t\t\t\t\t\t<div class=\"elementor-spacer\">\n\t\t\t<div class=\"elementor-spacer-inner\"><\/div>\n\t\t<\/div>\n\t\t\t\t\t\t<\/div>\n\t\t\t\t<\/div>\n\t\t\t\t\t<\/div>\n\t\t<\/div>\n\t\t\t\t\t<\/div>\n\t\t<\/section>\n\t\t\t\t<\/div>\n\t\t","protected":false},"excerpt":{"rendered":"<p>Ana Mar\u00eda P\u00e9rez Bosch de L\u00f3pez Ana Mar\u00eda P\u00e9rez Bosch de L\u00f3pez is a member of the Board of Directors of Grupo Onyx, a consortium of companies involved in renewable energy generation, consumer products distribution, digital services, and commercial and industrial real estate development in Guatemala and Paraguay. &nbsp; Ms. P\u00e9rez de L\u00f3pez is a [&hellip;]<\/p>\n","protected":false},"author":5,"featured_media":0,"parent":0,"menu_order":2,"comment_status":"closed","ping_status":"closed","template":"","meta":{"footnotes":""},"class_list":["post-1412","page","type-page","status-publish","hentry"],"_links":{"self":[{"href":"https:\/\/mariolopezestrada.org\/en\/wp-json\/wp\/v2\/pages\/1412","targetHints":{"allow":["GET"]}}],"collection":[{"href":"https:\/\/mariolopezestrada.org\/en\/wp-json\/wp\/v2\/pages"}],"about":[{"href":"https:\/\/mariolopezestrada.org\/en\/wp-json\/wp\/v2\/types\/page"}],"author":[{"embeddable":true,"href":"https:\/\/mariolopezestrada.org\/en\/wp-json\/wp\/v2\/users\/5"}],"replies":[{"embeddable":true,"href":"https:\/\/mariolopezestrada.org\/en\/wp-json\/wp\/v2\/comments?post=1412"}],"version-history":[{"count":16,"href":"https:\/\/mariolopezestrada.org\/en\/wp-json\/wp\/v2\/pages\/1412\/revisions"}],"predecessor-version":[{"id":2644,"href":"https:\/\/mariolopezestrada.org\/en\/wp-json\/wp\/v2\/pages\/1412\/revisions\/2644"}],"wp:attachment":[{"href":"https:\/\/mariolopezestrada.org\/en\/wp-json\/wp\/v2\/media?parent=1412"}],"curies":[{"name":"wp","href":"https:\/\/api.w.org\/{rel}","templated":true}]}}