{"id":1383,"date":"2022-06-05T23:35:55","date_gmt":"2022-06-05T23:35:55","guid":{"rendered":"http:\/\/www.webservicesgt.com\/?page_id=1383"},"modified":"2023-01-26T11:41:13","modified_gmt":"2023-01-26T17:41:13","slug":"mariana-lopez-de-lara","status":"publish","type":"page","link":"https:\/\/mariolopezestrada.org\/en\/mariana-lopez-de-lara\/","title":{"rendered":"Mariana L\u00f3pez de Lara\u200b"},"content":{"rendered":"\t\t<div data-elementor-type=\"wp-page\" data-elementor-id=\"1383\" class=\"elementor elementor-1383\" data-elementor-post-type=\"page\">\n\t\t\t\t\t\t<section class=\"elementor-section elementor-top-section elementor-element elementor-element-3e5612e elementor-section-boxed elementor-section-height-default elementor-section-height-default\" data-id=\"3e5612e\" data-element_type=\"section\" id=\"our-team\" data-settings=\"{&quot;jet_parallax_layout_list&quot;:[]}\">\n\t\t\t\t\t\t<div class=\"elementor-container elementor-column-gap-no\">\n\t\t\t\t\t<div class=\"elementor-column elementor-col-100 elementor-top-column elementor-element elementor-element-1b25883\" data-id=\"1b25883\" data-element_type=\"column\">\n\t\t\t<div class=\"elementor-widget-wrap elementor-element-populated\">\n\t\t\t\t\t\t<div class=\"elementor-element elementor-element-4e11d4a elementor-widget elementor-widget-spacer\" data-id=\"4e11d4a\" data-element_type=\"widget\" data-widget_type=\"spacer.default\">\n\t\t\t\t<div class=\"elementor-widget-container\">\n\t\t\t\t\t\t\t<div class=\"elementor-spacer\">\n\t\t\t<div class=\"elementor-spacer-inner\"><\/div>\n\t\t<\/div>\n\t\t\t\t\t\t<\/div>\n\t\t\t\t<\/div>\n\t\t\t\t<section class=\"elementor-section elementor-inner-section elementor-element elementor-element-0957650 elementor-section-boxed elementor-section-height-default elementor-section-height-default\" data-id=\"0957650\" data-element_type=\"section\" data-settings=\"{&quot;jet_parallax_layout_list&quot;:[]}\">\n\t\t\t\t\t\t<div class=\"elementor-container elementor-column-gap-default\">\n\t\t\t\t\t<div class=\"elementor-column elementor-col-50 elementor-inner-column elementor-element elementor-element-50fea4f\" data-id=\"50fea4f\" data-element_type=\"column\">\n\t\t\t<div class=\"elementor-widget-wrap elementor-element-populated\">\n\t\t\t\t\t\t<div class=\"elementor-element elementor-element-2657b2b elementor-widget elementor-widget-image\" data-id=\"2657b2b\" data-element_type=\"widget\" data-widget_type=\"image.default\">\n\t\t\t\t<div class=\"elementor-widget-container\">\n\t\t\t\t\t\t\t\t\t\t\t\t\t\t\t<img fetchpriority=\"high\" decoding=\"async\" width=\"753\" height=\"611\" src=\"https:\/\/mariolopezestrada.org\/wp-content\/uploads\/2022\/06\/Lara-provisional.png\" class=\"attachment-large size-large wp-image-1117\" alt=\"\" srcset=\"https:\/\/mariolopezestrada.org\/wp-content\/uploads\/2022\/06\/Lara-provisional.png 753w, https:\/\/mariolopezestrada.org\/wp-content\/uploads\/2022\/06\/Lara-provisional-300x243.png 300w\" sizes=\"(max-width: 753px) 100vw, 753px\" \/>\t\t\t\t\t\t\t\t\t\t\t\t\t\t\t<\/div>\n\t\t\t\t<\/div>\n\t\t\t\t\t<\/div>\n\t\t<\/div>\n\t\t\t\t<div class=\"elementor-column elementor-col-50 elementor-inner-column elementor-element elementor-element-2105aa9\" data-id=\"2105aa9\" data-element_type=\"column\">\n\t\t\t<div class=\"elementor-widget-wrap elementor-element-populated\">\n\t\t\t\t\t\t<div class=\"elementor-element elementor-element-f3dedac elementor-widget elementor-widget-heading\" data-id=\"f3dedac\" data-element_type=\"widget\" data-widget_type=\"heading.default\">\n\t\t\t\t<div class=\"elementor-widget-container\">\n\t\t\t\t\t<h1 class=\"elementor-heading-title elementor-size-default\">Mariana L\u00f3pez de Lara\u200b\u200b<\/h1>\t\t\t\t<\/div>\n\t\t\t\t<\/div>\n\t\t\t\t\t<\/div>\n\t\t<\/div>\n\t\t\t\t\t<\/div>\n\t\t<\/section>\n\t\t\t\t<section class=\"elementor-section elementor-inner-section elementor-element elementor-element-a3f7cfb elementor-section-boxed elementor-section-height-default elementor-section-height-default\" data-id=\"a3f7cfb\" data-element_type=\"section\" data-settings=\"{&quot;jet_parallax_layout_list&quot;:[]}\">\n\t\t\t\t\t\t<div class=\"elementor-container elementor-column-gap-default\">\n\t\t\t\t\t<div class=\"elementor-column elementor-col-100 elementor-inner-column elementor-element elementor-element-a41dc9f\" data-id=\"a41dc9f\" data-element_type=\"column\">\n\t\t\t<div class=\"elementor-widget-wrap elementor-element-populated\">\n\t\t\t\t\t\t<div class=\"elementor-element elementor-element-b8204ee elementor-widget elementor-widget-text-editor\" data-id=\"b8204ee\" data-element_type=\"widget\" data-widget_type=\"text-editor.default\">\n\t\t\t\t<div class=\"elementor-widget-container\">\n\t\t\t\t\t\t\t\t\t<p>Mariana L\u00f3pez de Lara is a member of the Board of Directors of Grupo Onyx, which was founded by her father Mario L\u00f3pez Estrada in 1967. Grupo Onyx is one of the most important business groups in the country and focuses on direct investments, renewable energy generation, distribution of consumer products, digital services, and commercial and industrial real estate development in Guatemala and Paraguay. Ms. L\u00f3pez de Lara is also an active member of the investment committee of the family&#8217;s liquid portfolio.<\/p><p>Ms. L\u00f3pez de Lara is a founding member of the Mario L\u00f3pez Estrada Foundation, the social arm of the business group, where she is actively involved in decision-making. The main purpose of the Foundation is to support health, education, and transparency projects throughout the country.<\/p><p>Ms. L\u00f3pez de Lara has also been involved with other social organizations, in particular she served as president of the board of trustees of Fundaci\u00f3n Ay\u00fadame a Vivir (AYUVI) from 2018-2021. AYUVI is a non-profit organization that supports and finances the treatment of children with cancer in Guatemala.<\/p><p>She is also serving her second term as an elected member of the Board of Trustees of the University of Richmond in Virginia (2017-2020 and 2020-2023).<\/p><p>Earlier in her career, Ms. L\u00f3pez de Lara served as Director of Management of a magazine published by the Association of Managers of Guatemala (1990-1991) and as Director of NEXUS (1992-1995), an enterprise dedicated to the sale of construction materials for high-quality buildings.<\/p><p>Ms. L\u00f3pez de Lara graduated Magna Cum Laude with degrees in Economics and Business Administration from the Francisco Marroqu\u00edn University of Guatemala. She lives in Guatemala with her husband Juan Carlos Lara and they have three children.<\/p>\t\t\t\t\t\t\t\t<\/div>\n\t\t\t\t<\/div>\n\t\t\t\t\t<\/div>\n\t\t<\/div>\n\t\t\t\t\t<\/div>\n\t\t<\/section>\n\t\t\t\t\t<\/div>\n\t\t<\/div>\n\t\t\t\t\t<\/div>\n\t\t<\/section>\n\t\t\t\t<section class=\"elementor-section elementor-top-section elementor-element elementor-element-b083d5a elementor-hidden-desktop elementor-hidden-tablet elementor-hidden-mobile elementor-section-boxed elementor-section-height-default elementor-section-height-default\" data-id=\"b083d5a\" data-element_type=\"section\" id=\"Founders-Members\" data-settings=\"{&quot;jet_parallax_layout_list&quot;:[],&quot;background_background&quot;:&quot;classic&quot;}\">\n\t\t\t\t\t\t<div class=\"elementor-container elementor-column-gap-no\">\n\t\t\t\t\t<section class=\"elementor-column elementor-col-100 elementor-top-column elementor-element elementor-element-453119b\" data-id=\"453119b\" data-element_type=\"column\">\n\t\t\t<div class=\"elementor-widget-wrap elementor-element-populated\">\n\t\t\t\t\t\t<div class=\"elementor-element elementor-element-29bf47b elementor-widget elementor-widget-heading\" data-id=\"29bf47b\" data-element_type=\"widget\" data-widget_type=\"heading.default\">\n\t\t\t\t<div class=\"elementor-widget-container\">\n\t\t\t\t\t<h2 class=\"elementor-heading-title elementor-size-default\">Founders Members<\/h2>\t\t\t\t<\/div>\n\t\t\t\t<\/div>\n\t\t\t\t<section class=\"elementor-section elementor-inner-section elementor-element elementor-element-b7fe0db people-block elementor-section-boxed elementor-section-height-default elementor-section-height-default\" data-id=\"b7fe0db\" data-element_type=\"section\" data-settings=\"{&quot;jet_parallax_layout_list&quot;:[]}\">\n\t\t\t\t\t\t<div class=\"elementor-container elementor-column-gap-default\">\n\t\t\t\t\t<div class=\"elementor-column elementor-col-100 elementor-inner-column elementor-element elementor-element-fa2a90c\" data-id=\"fa2a90c\" data-element_type=\"column\">\n\t\t\t<div class=\"elementor-widget-wrap elementor-element-populated\">\n\t\t\t\t\t\t<div class=\"elementor-element elementor-element-d6b7333 elementor-widget elementor-widget-image\" data-id=\"d6b7333\" data-element_type=\"widget\" data-widget_type=\"image.default\">\n\t\t\t\t<div class=\"elementor-widget-container\">\n\t\t\t\t\t\t\t\t\t\t\t\t\t\t\t<img decoding=\"async\" width=\"400\" height=\"375\" src=\"https:\/\/mariolopezestrada.org\/wp-content\/uploads\/2022\/08\/admin-ajax.jpg\" class=\"attachment-large size-large wp-image-1752\" alt=\"\" srcset=\"https:\/\/mariolopezestrada.org\/wp-content\/uploads\/2022\/08\/admin-ajax.jpg 400w, https:\/\/mariolopezestrada.org\/wp-content\/uploads\/2022\/08\/admin-ajax-300x281.jpg 300w\" sizes=\"(max-width: 400px) 100vw, 400px\" \/>\t\t\t\t\t\t\t\t\t\t\t\t\t\t\t<\/div>\n\t\t\t\t<\/div>\n\t\t\t\t<div class=\"elementor-element elementor-element-da1fafe elementor-widget elementor-widget-heading\" data-id=\"da1fafe\" data-element_type=\"widget\" data-widget_type=\"heading.default\">\n\t\t\t\t<div class=\"elementor-widget-container\">\n\t\t\t\t\t<h2 class=\"elementor-heading-title elementor-size-default\"><a href=\"#MarioLopez1\">Mario L\u00f3pez Estrada<\/a><\/h2>\t\t\t\t<\/div>\n\t\t\t\t<\/div>\n\t\t\t\t<div class=\"elementor-element elementor-element-f5ec13f elementor-widget elementor-widget-text-editor\" data-id=\"f5ec13f\" data-element_type=\"widget\" data-widget_type=\"text-editor.default\">\n\t\t\t\t<div class=\"elementor-widget-container\">\n\t\t\t\t\t\t\t\t\t<p>Mr.L\u00f3pez initiated his business activities with the construction company Constructora Mayain 1972, which specialized in real estate, land development, office buildings, road contracting and business malls.&nbsp;<\/p>\t\t\t\t\t\t\t\t<\/div>\n\t\t\t\t<\/div>\n\t\t\t\t\t<\/div>\n\t\t<\/div>\n\t\t\t\t\t<\/div>\n\t\t<\/section>\n\t\t\t\t<section class=\"elementor-section elementor-inner-section elementor-element elementor-element-08c2cc4 people-block elementor-section-boxed elementor-section-height-default elementor-section-height-default\" data-id=\"08c2cc4\" data-element_type=\"section\" data-settings=\"{&quot;jet_parallax_layout_list&quot;:[]}\">\n\t\t\t\t\t\t<div class=\"elementor-container elementor-column-gap-default\">\n\t\t\t\t\t<div class=\"elementor-column elementor-col-100 elementor-inner-column elementor-element elementor-element-f312dc1\" data-id=\"f312dc1\" data-element_type=\"column\">\n\t\t\t<div class=\"elementor-widget-wrap elementor-element-populated\">\n\t\t\t\t\t\t<div class=\"elementor-element elementor-element-7432cd1 elementor-widget elementor-widget-image\" data-id=\"7432cd1\" data-element_type=\"widget\" data-widget_type=\"image.default\">\n\t\t\t\t<div class=\"elementor-widget-container\">\n\t\t\t\t\t\t\t\t\t\t\t\t\t\t\t<img decoding=\"async\" width=\"768\" height=\"512\" src=\"https:\/\/mariolopezestrada.org\/wp-content\/uploads\/2022\/05\/46874663-cb31-4d25-ac3c-ae91640c4c52-768x512.jpg\" class=\"attachment-medium_large size-medium_large wp-image-963\" alt=\"\" srcset=\"https:\/\/mariolopezestrada.org\/wp-content\/uploads\/2022\/05\/46874663-cb31-4d25-ac3c-ae91640c4c52-768x512.jpg 768w, https:\/\/mariolopezestrada.org\/wp-content\/uploads\/2022\/05\/46874663-cb31-4d25-ac3c-ae91640c4c52-300x200.jpg 300w, https:\/\/mariolopezestrada.org\/wp-content\/uploads\/2022\/05\/46874663-cb31-4d25-ac3c-ae91640c4c52.jpg 1024w\" sizes=\"(max-width: 768px) 100vw, 768px\" \/>\t\t\t\t\t\t\t\t\t\t\t\t\t\t\t<\/div>\n\t\t\t\t<\/div>\n\t\t\t\t<div class=\"elementor-element elementor-element-14f6f52 elementor-widget elementor-widget-heading\" data-id=\"14f6f52\" data-element_type=\"widget\" data-widget_type=\"heading.default\">\n\t\t\t\t<div class=\"elementor-widget-container\">\n\t\t\t\t\t<h2 class=\"elementor-heading-title elementor-size-default\"><a href=\"#MLP1\">Mario L\u00f3pez Per\u00e9z<\/a><\/h2>\t\t\t\t<\/div>\n\t\t\t\t<\/div>\n\t\t\t\t<div class=\"elementor-element elementor-element-6f29861 elementor-widget elementor-widget-text-editor\" data-id=\"6f29861\" data-element_type=\"widget\" data-widget_type=\"text-editor.default\">\n\t\t\t\t<div class=\"elementor-widget-container\">\n\t\t\t\t\t\t\t\t\t<p><span style=\"font-weight: 400;\">Mario Lopez P\u00e9rez is a fifty-two-year-old, Guatemalan entrepreneur and philanthropist who completed his degree in Civil Engineering at Universidad del Valle in Guatemala.\u00a0\u00a0<\/span><\/p>\t\t\t\t\t\t\t\t<\/div>\n\t\t\t\t<\/div>\n\t\t\t\t\t<\/div>\n\t\t<\/div>\n\t\t\t\t\t<\/div>\n\t\t<\/section>\n\t\t\t\t<section class=\"elementor-section elementor-inner-section elementor-element elementor-element-0b9a24e people-block elementor-section-boxed elementor-section-height-default elementor-section-height-default\" data-id=\"0b9a24e\" data-element_type=\"section\" data-settings=\"{&quot;jet_parallax_layout_list&quot;:[]}\">\n\t\t\t\t\t\t<div class=\"elementor-container elementor-column-gap-default\">\n\t\t\t\t\t<div class=\"elementor-column elementor-col-100 elementor-inner-column elementor-element elementor-element-c16b594\" data-id=\"c16b594\" data-element_type=\"column\">\n\t\t\t<div class=\"elementor-widget-wrap elementor-element-populated\">\n\t\t\t\t\t\t<div class=\"elementor-element elementor-element-b3af68f elementor-widget elementor-widget-image\" data-id=\"b3af68f\" data-element_type=\"widget\" data-widget_type=\"image.default\">\n\t\t\t\t<div class=\"elementor-widget-container\">\n\t\t\t\t\t\t\t\t\t\t\t\t\t\t\t<img fetchpriority=\"high\" decoding=\"async\" width=\"753\" height=\"611\" src=\"https:\/\/mariolopezestrada.org\/wp-content\/uploads\/2022\/06\/Lara-provisional.png\" class=\"attachment-large size-large wp-image-1117\" alt=\"\" srcset=\"https:\/\/mariolopezestrada.org\/wp-content\/uploads\/2022\/06\/Lara-provisional.png 753w, https:\/\/mariolopezestrada.org\/wp-content\/uploads\/2022\/06\/Lara-provisional-300x243.png 300w\" sizes=\"(max-width: 753px) 100vw, 753px\" \/>\t\t\t\t\t\t\t\t\t\t\t\t\t\t\t<\/div>\n\t\t\t\t<\/div>\n\t\t\t\t<div class=\"elementor-element elementor-element-850b21e elementor-widget elementor-widget-heading\" data-id=\"850b21e\" data-element_type=\"widget\" data-widget_type=\"heading.default\">\n\t\t\t\t<div class=\"elementor-widget-container\">\n\t\t\t\t\t<h2 class=\"elementor-heading-title elementor-size-default\"><a href=\"#MLL1\">Mariana L\u00f3pez de Lara<\/a><\/h2>\t\t\t\t<\/div>\n\t\t\t\t<\/div>\n\t\t\t\t<div class=\"elementor-element elementor-element-52c674c elementor-widget elementor-widget-text-editor\" data-id=\"52c674c\" data-element_type=\"widget\" data-widget_type=\"text-editor.default\">\n\t\t\t\t<div class=\"elementor-widget-container\">\n\t\t\t\t\t\t\t\t\t<p><span style=\"text-align: center;\">Mariana L\u00f3pez de Lara graduated Magna Cum Laude from Universidad Francisco Marroqu\u00edn in Guatemala, where she earned two bachelor\u2019s degrees, one in Economics and the other in Business Administration.<\/span><br><\/p>\t\t\t\t\t\t\t\t<\/div>\n\t\t\t\t<\/div>\n\t\t\t\t\t<\/div>\n\t\t<\/div>\n\t\t\t\t\t<\/div>\n\t\t<\/section>\n\t\t\t\t<section class=\"elementor-section elementor-inner-section elementor-element elementor-element-801ecaa people-block elementor-section-boxed elementor-section-height-default elementor-section-height-default\" data-id=\"801ecaa\" data-element_type=\"section\" data-settings=\"{&quot;jet_parallax_layout_list&quot;:[]}\">\n\t\t\t\t\t\t<div class=\"elementor-container elementor-column-gap-default\">\n\t\t\t\t\t<div class=\"elementor-column elementor-col-100 elementor-inner-column elementor-element elementor-element-e27a166\" data-id=\"e27a166\" data-element_type=\"column\">\n\t\t\t<div class=\"elementor-widget-wrap elementor-element-populated\">\n\t\t\t\t\t\t<div class=\"elementor-element elementor-element-ff78ab3 elementor-widget elementor-widget-image\" data-id=\"ff78ab3\" data-element_type=\"widget\" data-widget_type=\"image.default\">\n\t\t\t\t<div class=\"elementor-widget-container\">\n\t\t\t\t\t\t\t\t\t\t\t\t\t\t\t<img loading=\"lazy\" decoding=\"async\" width=\"557\" height=\"417\" src=\"https:\/\/mariolopezestrada.org\/wp-content\/uploads\/2022\/06\/Gabriela-Lara-provisional.png\" class=\"attachment-large size-large wp-image-1120\" alt=\"\" srcset=\"https:\/\/mariolopezestrada.org\/wp-content\/uploads\/2022\/06\/Gabriela-Lara-provisional.png 557w, https:\/\/mariolopezestrada.org\/wp-content\/uploads\/2022\/06\/Gabriela-Lara-provisional-300x225.png 300w\" sizes=\"(max-width: 557px) 100vw, 557px\" \/>\t\t\t\t\t\t\t\t\t\t\t\t\t\t\t<\/div>\n\t\t\t\t<\/div>\n\t\t\t\t<div class=\"elementor-element elementor-element-393ad84 elementor-widget elementor-widget-heading\" data-id=\"393ad84\" data-element_type=\"widget\" data-widget_type=\"heading.default\">\n\t\t\t\t<div class=\"elementor-widget-container\">\n\t\t\t\t\t<h2 class=\"elementor-heading-title elementor-size-default\"><a href=\"#GLP1\">Gabriela L\u00f3pez P\u00e9rez<\/a><\/h2>\t\t\t\t<\/div>\n\t\t\t\t<\/div>\n\t\t\t\t<div class=\"elementor-element elementor-element-6446714 elementor-widget elementor-widget-text-editor\" data-id=\"6446714\" data-element_type=\"widget\" data-widget_type=\"text-editor.default\">\n\t\t\t\t<div class=\"elementor-widget-container\">\n\t\t\t\t\t\t\t\t\t<p><span style=\"text-align: justify;\">Gabriela L\u00f3pez is a member of the Board of Directors of Grupo Onyx, a consortium of Guatemalan companies which has its origins in 1967, when her father, Mario L\u00f3pez Estrada, started the group&#8217;s operations by building popular housing and roads.<\/span><\/p>\t\t\t\t\t\t\t\t<\/div>\n\t\t\t\t<\/div>\n\t\t\t\t\t<\/div>\n\t\t<\/div>\n\t\t\t\t\t<\/div>\n\t\t<\/section>\n\t\t\t\t<section class=\"elementor-section elementor-inner-section elementor-element elementor-element-01042bd people-block elementor-section-boxed elementor-section-height-default elementor-section-height-default\" data-id=\"01042bd\" data-element_type=\"section\" data-settings=\"{&quot;jet_parallax_layout_list&quot;:[]}\">\n\t\t\t\t\t\t<div class=\"elementor-container elementor-column-gap-default\">\n\t\t\t\t\t<div class=\"elementor-column elementor-col-100 elementor-inner-column elementor-element elementor-element-0f140e8\" data-id=\"0f140e8\" data-element_type=\"column\">\n\t\t\t<div class=\"elementor-widget-wrap elementor-element-populated\">\n\t\t\t\t\t\t<div class=\"elementor-element elementor-element-71f5baf elementor-widget elementor-widget-image\" data-id=\"71f5baf\" data-element_type=\"widget\" data-widget_type=\"image.default\">\n\t\t\t\t<div class=\"elementor-widget-container\">\n\t\t\t\t\t\t\t\t\t\t\t\t\t\t\t<img loading=\"lazy\" decoding=\"async\" width=\"703\" height=\"537\" src=\"https:\/\/mariolopezestrada.org\/wp-content\/uploads\/2022\/06\/Bosch-provisional.png\" class=\"attachment-large size-large wp-image-1122\" alt=\"\" srcset=\"https:\/\/mariolopezestrada.org\/wp-content\/uploads\/2022\/06\/Bosch-provisional.png 703w, https:\/\/mariolopezestrada.org\/wp-content\/uploads\/2022\/06\/Bosch-provisional-300x229.png 300w\" sizes=\"(max-width: 703px) 100vw, 703px\" \/>\t\t\t\t\t\t\t\t\t\t\t\t\t\t\t<\/div>\n\t\t\t\t<\/div>\n\t\t\t\t<div class=\"elementor-element elementor-element-a6fc95b elementor-widget elementor-widget-heading\" data-id=\"a6fc95b\" data-element_type=\"widget\" data-widget_type=\"heading.default\">\n\t\t\t\t<div class=\"elementor-widget-container\">\n\t\t\t\t\t<h2 class=\"elementor-heading-title elementor-size-default\"><a href=\"#AMLB\">Ana Mar\u00eda P\u00e9rez Bosch de L\u00f3pez<\/a><\/h2>\t\t\t\t<\/div>\n\t\t\t\t<\/div>\n\t\t\t\t<div class=\"elementor-element elementor-element-a745a8e elementor-widget elementor-widget-text-editor\" data-id=\"a745a8e\" data-element_type=\"widget\" data-widget_type=\"text-editor.default\">\n\t\t\t\t<div class=\"elementor-widget-container\">\n\t\t\t\t\t\t\t\t\t<p>Ana Mar\u00eda P\u00e9rez Bosch de L\u00f3pez is a member of the Board of Directors of Grupo Onyx, a consortium of companies involved in renewable energy generation, consumer products distribution, digital services, and commercial and industrial real estate development in Guatemala and Paraguay. \u00a0<\/p>\t\t\t\t\t\t\t\t<\/div>\n\t\t\t\t<\/div>\n\t\t\t\t\t<\/div>\n\t\t<\/div>\n\t\t\t\t\t<\/div>\n\t\t<\/section>\n\t\t\t\t\t<\/div>\n\t\t<\/section>\n\t\t\t\t\t<\/div>\n\t\t<\/section>\n\t\t\t\t<\/div>\n\t\t","protected":false},"excerpt":{"rendered":"<p>Mariana L\u00f3pez de Lara\u200b\u200b Mariana L\u00f3pez de Lara is a member of the Board of Directors of Grupo Onyx, which was founded by her father Mario L\u00f3pez Estrada in 1967. Grupo Onyx is one of the most important business groups in the country and focuses on direct investments, renewable energy generation, distribution of consumer products, [&hellip;]<\/p>\n","protected":false},"author":5,"featured_media":0,"parent":0,"menu_order":2,"comment_status":"closed","ping_status":"closed","template":"","meta":{"footnotes":""},"class_list":["post-1383","page","type-page","status-publish","hentry"],"_links":{"self":[{"href":"https:\/\/mariolopezestrada.org\/en\/wp-json\/wp\/v2\/pages\/1383","targetHints":{"allow":["GET"]}}],"collection":[{"href":"https:\/\/mariolopezestrada.org\/en\/wp-json\/wp\/v2\/pages"}],"about":[{"href":"https:\/\/mariolopezestrada.org\/en\/wp-json\/wp\/v2\/types\/page"}],"author":[{"embeddable":true,"href":"https:\/\/mariolopezestrada.org\/en\/wp-json\/wp\/v2\/users\/5"}],"replies":[{"embeddable":true,"href":"https:\/\/mariolopezestrada.org\/en\/wp-json\/wp\/v2\/comments?post=1383"}],"version-history":[{"count":25,"href":"https:\/\/mariolopezestrada.org\/en\/wp-json\/wp\/v2\/pages\/1383\/revisions"}],"predecessor-version":[{"id":2677,"href":"https:\/\/mariolopezestrada.org\/en\/wp-json\/wp\/v2\/pages\/1383\/revisions\/2677"}],"wp:attachment":[{"href":"https:\/\/mariolopezestrada.org\/en\/wp-json\/wp\/v2\/media?parent=1383"}],"curies":[{"name":"wp","href":"https:\/\/api.w.org\/{rel}","templated":true}]}}