{"id":1353,"date":"2022-06-05T23:12:10","date_gmt":"2022-06-06T05:12:10","guid":{"rendered":"http:\/\/www.webservicesgt.com\/?page_id=1353"},"modified":"2025-02-25T20:53:00","modified_gmt":"2025-02-26T02:53:00","slug":"mario-lopez-estrada","status":"publish","type":"page","link":"https:\/\/mariolopezestrada.org\/en\/mario-lopez-estrada\/","title":{"rendered":"Mario L\u00f3pez Estrada"},"content":{"rendered":"\t\t<div data-elementor-type=\"wp-page\" data-elementor-id=\"1353\" class=\"elementor elementor-1353\" data-elementor-post-type=\"page\">\n\t\t\t\t\t\t<section class=\"elementor-section elementor-top-section elementor-element elementor-element-9b27b82 elementor-section-boxed elementor-section-height-default elementor-section-height-default\" data-id=\"9b27b82\" data-element_type=\"section\" data-settings=\"{&quot;jet_parallax_layout_list&quot;:[]}\">\n\t\t\t\t\t\t<div class=\"elementor-container elementor-column-gap-no\">\n\t\t\t\t\t<div class=\"elementor-column elementor-col-100 elementor-top-column elementor-element elementor-element-cfbd1b9\" data-id=\"cfbd1b9\" data-element_type=\"column\">\n\t\t\t<div class=\"elementor-widget-wrap elementor-element-populated\">\n\t\t\t\t\t\t<div class=\"elementor-element elementor-element-872857b elementor-widget elementor-widget-spacer\" data-id=\"872857b\" data-element_type=\"widget\" data-widget_type=\"spacer.default\">\n\t\t\t\t<div class=\"elementor-widget-container\">\n\t\t\t\t\t\t\t<div class=\"elementor-spacer\">\n\t\t\t<div class=\"elementor-spacer-inner\"><\/div>\n\t\t<\/div>\n\t\t\t\t\t\t<\/div>\n\t\t\t\t<\/div>\n\t\t\t\t<section class=\"elementor-section elementor-inner-section elementor-element elementor-element-5fc12ac elementor-section-boxed elementor-section-height-default elementor-section-height-default\" data-id=\"5fc12ac\" data-element_type=\"section\" data-settings=\"{&quot;jet_parallax_layout_list&quot;:[]}\">\n\t\t\t\t\t\t<div class=\"elementor-container elementor-column-gap-default\">\n\t\t\t\t\t<div class=\"elementor-column elementor-col-50 elementor-inner-column elementor-element elementor-element-87db42d\" data-id=\"87db42d\" data-element_type=\"column\">\n\t\t\t<div class=\"elementor-widget-wrap elementor-element-populated\">\n\t\t\t\t\t\t<div class=\"elementor-element elementor-element-4107d88 elementor-widget elementor-widget-image\" data-id=\"4107d88\" data-element_type=\"widget\" data-widget_type=\"image.default\">\n\t\t\t\t<div class=\"elementor-widget-container\">\n\t\t\t\t\t\t\t\t\t\t\t\t\t\t\t<img fetchpriority=\"high\" decoding=\"async\" width=\"800\" height=\"534\" src=\"https:\/\/mariolopezestrada.org\/wp-content\/uploads\/2022\/06\/mario-lopez-estrada-presidente-tigo-guatemala-4-1024x683.jpg\" class=\"attachment-large size-large wp-image-1107\" alt=\"\" srcset=\"https:\/\/mariolopezestrada.org\/wp-content\/uploads\/2022\/06\/mario-lopez-estrada-presidente-tigo-guatemala-4-1024x683.jpg 1024w, https:\/\/mariolopezestrada.org\/wp-content\/uploads\/2022\/06\/mario-lopez-estrada-presidente-tigo-guatemala-4-300x200.jpg 300w, https:\/\/mariolopezestrada.org\/wp-content\/uploads\/2022\/06\/mario-lopez-estrada-presidente-tigo-guatemala-4-768x512.jpg 768w, https:\/\/mariolopezestrada.org\/wp-content\/uploads\/2022\/06\/mario-lopez-estrada-presidente-tigo-guatemala-4-1536x1024.jpg 1536w, https:\/\/mariolopezestrada.org\/wp-content\/uploads\/2022\/06\/mario-lopez-estrada-presidente-tigo-guatemala-4.jpg 1620w\" sizes=\"(max-width: 800px) 100vw, 800px\" \/>\t\t\t\t\t\t\t\t\t\t\t\t\t\t\t<\/div>\n\t\t\t\t<\/div>\n\t\t\t\t\t<\/div>\n\t\t<\/div>\n\t\t\t\t<div class=\"elementor-column elementor-col-50 elementor-inner-column elementor-element elementor-element-fe1b824\" data-id=\"fe1b824\" data-element_type=\"column\">\n\t\t\t<div class=\"elementor-widget-wrap elementor-element-populated\">\n\t\t\t\t\t\t<div class=\"elementor-element elementor-element-7ce5c1b elementor-widget elementor-widget-heading\" data-id=\"7ce5c1b\" data-element_type=\"widget\" data-widget_type=\"heading.default\">\n\t\t\t\t<div class=\"elementor-widget-container\">\n\t\t\t\t\t<h2 class=\"elementor-heading-title elementor-size-default\">Mar\u00edo L\u00f3pez Estrada<\/h2>\t\t\t\t<\/div>\n\t\t\t\t<\/div>\n\t\t\t\t\t<\/div>\n\t\t<\/div>\n\t\t\t\t\t<\/div>\n\t\t<\/section>\n\t\t\t\t<section class=\"elementor-section elementor-inner-section elementor-element elementor-element-b22975a elementor-section-boxed elementor-section-height-default elementor-section-height-default\" data-id=\"b22975a\" data-element_type=\"section\" data-settings=\"{&quot;jet_parallax_layout_list&quot;:[]}\">\n\t\t\t\t\t\t<div class=\"elementor-container elementor-column-gap-default\">\n\t\t\t\t\t<div class=\"elementor-column elementor-col-100 elementor-inner-column elementor-element elementor-element-9a0cb18\" data-id=\"9a0cb18\" data-element_type=\"column\">\n\t\t\t<div class=\"elementor-widget-wrap elementor-element-populated\">\n\t\t\t\t\t\t<div class=\"elementor-element elementor-element-5d25acf elementor-widget elementor-widget-text-editor\" data-id=\"5d25acf\" data-element_type=\"widget\" data-widget_type=\"text-editor.default\">\n\t\t\t\t<div class=\"elementor-widget-container\">\n\t\t\t\t\t\t\t\t\t<p>Mario L\u00f3pez Estrada (March 21, 1938 &#8211; March 20, 2023) was a Guatemalan businessman, philanthropist, and the founder of Grupo Onyx, a consortium of companies involved in renewable energy generation, consumer products distribution, digital services, and commercial and industrial real estate development in Guatemala and Paraguay. He was also the founder of the Mario L\u00f3pez Estrada Foundation.<\/p><p>Mr. L\u00f3pez Estrada was born in Solol\u00e1, Guatemala. An entrepreneur and a civil engineer by training, he began his business career with the founding of construction company Constructora Maya in 1967, which specialized in real estate, land development, construction of office buildings and shopping malls, and road contracting.<\/p><p>In addition to his private sector activities, Mr. L\u00f3pez Estrada also led a distinguished career in public service. He served as the Minister of Communications (1988-1990) under the presidency of Marco Vinicio Cerezo Ar\u00e9valo, where he led Guatemala\u2019s efforts to develop a robust transportation network expansion, duplicating the number of kilometers in four lane highways, increasing paved roads by more than 30%, and opening new roads to previously unconnected communities in the highlands of Guatemala. Prior to that, he served as the General Manager of the government telecommunications company Empresa Guatemalteca de Telecomunicaciones (Guatel) (1986-1988), which under his leadership increased capacity by adding thousands of new land lines, reducing deficiencies and waiting periods for acquisition of telephone services, and improving long distance capacities during the critical period of democratic transition. Prior to that, Mr. L\u00f3pez Estrada served as the Chairman of the Board of the Guatemalan Institute of Insured Mortgages (1978-1980), a government entity specialized in promoting the acquisition of housing for middle income Guatemalans where he promoted the modernization of policies.<\/p><p>In 1994, Mr. L\u00f3pez Estrada partnered with Millicom International Cellular, S.A. and Arkade International Inc. to form Comunicaciones Celulares, S. A. (COMCEL). Together they built the Tigo brand and transformed the company into the country\u2019s leading telecommunications provider with more than 11 million subscribers and a market share of 62%. Mr. L\u00f3pez Estrada served as a member of the Board of Directors and Vice Chairman of Tigo Guatemala until 2021, when Grupo Onyx sold its stake in Tigo Guatemala.<\/p><p>Mr. L\u00f3pez Estrada formed Grupo Onyx in the early 2000s. Key initiatives include the Horus solar power generation plant, which has an installed capacity of 110 MW; six Plaza Madero shopping centers in Guatemala and Paraguay; several industrial storage complexes with more than 34,000 square meters of space; three complexes of office towers with more than 22,000 square meters of offices in Guatemala; a company that provides maintenance services to the network of telecommunications towers; a company that manages the sites where the telecommunications transmission towers are located; a distribution and logistics services company for mass consumption products with more than 60,000 points of sale throughout the country; and the Paseo La Galer\u00eda complex in Paraguay which consists of 280,000 square meters of construction.<\/p><p>Mr. L\u00f3pez Estrada was a graduate of the Universidad de San Carlos de Guatemala. He was married to Ana Mar\u00eda P\u00e9rez Bosch de L\u00f3pez, with whom he raised three children.<\/p>\t\t\t\t\t\t\t\t<\/div>\n\t\t\t\t<\/div>\n\t\t\t\t\t<\/div>\n\t\t<\/div>\n\t\t\t\t\t<\/div>\n\t\t<\/section>\n\t\t\t\t<section class=\"elementor-section elementor-inner-section elementor-element elementor-element-7d1dc29 elementor-section-boxed elementor-section-height-default elementor-section-height-default\" data-id=\"7d1dc29\" data-element_type=\"section\" data-settings=\"{&quot;jet_parallax_layout_list&quot;:[]}\">\n\t\t\t\t\t\t<div class=\"elementor-container elementor-column-gap-default\">\n\t\t\t\t\t<div class=\"elementor-column elementor-col-100 elementor-inner-column elementor-element elementor-element-18279d9\" data-id=\"18279d9\" data-element_type=\"column\">\n\t\t\t<div class=\"elementor-widget-wrap elementor-element-populated\">\n\t\t\t\t\t\t<div class=\"elementor-element elementor-element-431da2f elementor-widget elementor-widget-text-editor\" data-id=\"431da2f\" data-element_type=\"widget\" data-widget_type=\"text-editor.default\">\n\t\t\t\t<div class=\"elementor-widget-container\">\n\t\t\t\t\t\t\t\t\t<p><strong><em>Philanthropy<\/em><\/strong><\/p>\n<p>Throughout his life, Mr. L\u00f3pez Estrada distinguished himself by providing support to the most vulnerable Guatemalans, including through his charitable Foundations which focused on education, health, women\u2019s empowerment, and transparency. Under the leadership of Mr. L\u00f3pez Estrada and his family, Grupo Onyx and its affiliated Foundations have invested more than $50 million to date, positively impacting the lives of thousands of women and children in the most vulnerable parts of Guatemala.<\/p>\n<p>Mr. L\u00f3pez Estrada was the founder and former president of the Tigo Foundation (2009-2021), which under his leadership supported a variety of health, education, and financial inclusion initiatives in Guatemala, and other public and private entities. While president of the Tigo Foundation, Mr. L\u00f3pez Estrada refurbished 365 public schools with digital technology, building a school every 10 days for 10 years. The project benefitted more than 93,000 children throughout the country and contributed to reduced irregular migration flows by creating development opportunities in rural areas of the country.<\/p>\n<p>Beginning in 2001, Mr. L\u00f3pez Estrada also supported the UNETE Project \u201cSave Children with Cancer\u201d and helped raise more than US$170 million to support outpatient clinics, chemotherapy treatments, laboratory tests, and medications. The funds were also used for infrastructure construction and hospital equipment to ensure the proper functioning of the National Pediatric Oncology Unit (UNOP), the only specialized public center for the pediatric treatment of cancer in Guatemala.<\/p>\n<p>Another project promoted by Mr. L\u00f3pez Estrado was Tigo Plata, which consisted of micro-loans to low-income people in the rural areas which are a source of irregular migration to the U.S. These individuals had no access to bank loans to finance small businesses.<\/p>\n<p>Mr. L\u00f3pez Estrada was also the founder and president of the Mario L\u00f3pez Estrada Foundation, which seeks to improve the quality of life for Guatemalans, create development opportunities for communities in the rural areas of the country, and stem flows of illegal migration. Since 2019, the Foundation has collaborated closely with U.S. and global government agencies and with non-profit organizations, implementing a number of projects to <a href=\"https:\/\/mariolopezestrada.org\/en\/projects\/interamerican-dialogue\/\">provide internet access and computer equipment<\/a>, <a href=\"https:\/\/mariolopezestrada.org\/en\/projects\/education\/\">expand education and training opportunities<\/a>, improve <a href=\"https:\/\/mariolopezestrada.org\/en\/projects\/health\/\">health<\/a> and <a href=\"https:\/\/mariolopezestrada.org\/en\/projects\/food-safety\/\">nutrition<\/a>, and promote <a href=\"https:\/\/mariolopezestrada.org\/en\/projects\/transparency\/\">small business development<\/a>.<\/p>\n<p>The L\u00f3pez family has also invested in U.S. higher education institutions, providing a grant to the University of Richmond to build infrastructure on the university campus.<\/p>\t\t\t\t\t\t\t\t<\/div>\n\t\t\t\t<\/div>\n\t\t\t\t\t<\/div>\n\t\t<\/div>\n\t\t\t\t\t<\/div>\n\t\t<\/section>\n\t\t\t\t<section class=\"elementor-section elementor-inner-section elementor-element elementor-element-c39b97d elementor-section-boxed elementor-section-height-default elementor-section-height-default\" data-id=\"c39b97d\" data-element_type=\"section\" data-settings=\"{&quot;jet_parallax_layout_list&quot;:[]}\">\n\t\t\t\t\t\t<div class=\"elementor-container elementor-column-gap-default\">\n\t\t\t\t\t<div class=\"elementor-column elementor-col-100 elementor-inner-column elementor-element elementor-element-f419b9d\" data-id=\"f419b9d\" data-element_type=\"column\">\n\t\t\t<div class=\"elementor-widget-wrap elementor-element-populated\">\n\t\t\t\t\t\t<div class=\"elementor-element elementor-element-2489a72 elementor-widget elementor-widget-text-editor\" data-id=\"2489a72\" data-element_type=\"widget\" data-widget_type=\"text-editor.default\">\n\t\t\t\t<div class=\"elementor-widget-container\">\n\t\t\t\t\t\t\t\t\t<div class=\"elementor-element elementor-element-7f4c855 elementor-widget elementor-widget-heading\" data-id=\"7f4c855\" data-element_type=\"widget\" data-widget_type=\"heading.default\"><div class=\"elementor-widget-container\"><p><strong><em>Acknowledgments, Recognitions, and Awards<\/em><\/strong><\/p><\/div><\/div><div class=\"elementor-element elementor-element-1460ba4 elementor-widget elementor-widget-text-editor\" data-id=\"1460ba4\" data-element_type=\"widget\" data-widget_type=\"text-editor.default\"><div class=\"elementor-widget-container\"><div class=\"elementor-text-editor elementor-clearfix\"><p>Throughout his business and professional life, Mr. L\u00f3pez Estrada received numerous recognitions and awards, including:<\/p><ul><li>In 2020, Maestro Cares Foundation awarded Mr. L\u00f3pez Estrada their annual Social Responsibility Award, where he was honored alongside Chef Jos\u00e9 Andr\u00e9s and World Central Kitchen, Mr. David Beckham, and Mrs. Jada Pinkett-Smith.<\/li><li>In May 2017, Forbes magazine awarded Mr. L\u00f3pez Estrada the Recognition of Business Excellence at the Third Forbes Central America Business Forum \u201cThe Geniuses of Disruption.\u201d<\/li><li>In 2015, Universidad San Pablo of Guatemala awarded Mr. L\u00f3pez Estrada a Honoris Causa Doctorate in Organizational Leadership.<\/li><\/ul><p>Mr. L\u00f3pez Estrada was retired from Grupo Onyx at the time of his death and the second generation of the family, who comprise the Board of Directors, had assumed management of the business group. <\/p><\/div><\/div><\/div>\t\t\t\t\t\t\t\t<\/div>\n\t\t\t\t<\/div>\n\t\t\t\t<div class=\"elementor-element elementor-element-5402de0 elementor-widget elementor-widget-image\" data-id=\"5402de0\" data-element_type=\"widget\" data-widget_type=\"image.default\">\n\t\t\t\t<div class=\"elementor-widget-container\">\n\t\t\t\t\t\t\t\t\t\t\t\t\t\t\t<img decoding=\"async\" width=\"760\" height=\"850\" src=\"https:\/\/mariolopezestrada.org\/wp-content\/uploads\/2022\/05\/1_Pn4MdAC6cMbM_JXOuOeTRg.jpeg\" class=\"attachment-large size-large wp-image-628\" alt=\"\" srcset=\"https:\/\/mariolopezestrada.org\/wp-content\/uploads\/2022\/05\/1_Pn4MdAC6cMbM_JXOuOeTRg.jpeg 760w, https:\/\/mariolopezestrada.org\/wp-content\/uploads\/2022\/05\/1_Pn4MdAC6cMbM_JXOuOeTRg-268x300.jpeg 268w\" sizes=\"(max-width: 760px) 100vw, 760px\" \/>\t\t\t\t\t\t\t\t\t\t\t\t\t\t\t<\/div>\n\t\t\t\t<\/div>\n\t\t\t\t\t<\/div>\n\t\t<\/div>\n\t\t\t\t\t<\/div>\n\t\t<\/section>\n\t\t\t\t\t<\/div>\n\t\t<\/div>\n\t\t\t\t\t<\/div>\n\t\t<\/section>\n\t\t\t\t<\/div>\n\t\t","protected":false},"excerpt":{"rendered":"<p>Mar\u00edo L\u00f3pez Estrada Mario L\u00f3pez Estrada (March 21, 1938 &#8211; March 20, 2023) was a Guatemalan businessman, philanthropist, and the founder of Grupo Onyx, a consortium of companies involved in renewable energy generation, consumer products distribution, digital services, and commercial and industrial real estate development in Guatemala and Paraguay. He was also the founder of [&hellip;]<\/p>\n","protected":false},"author":5,"featured_media":0,"parent":0,"menu_order":2,"comment_status":"closed","ping_status":"closed","template":"","meta":{"footnotes":""},"class_list":["post-1353","page","type-page","status-publish","hentry"],"_links":{"self":[{"href":"https:\/\/mariolopezestrada.org\/en\/wp-json\/wp\/v2\/pages\/1353","targetHints":{"allow":["GET"]}}],"collection":[{"href":"https:\/\/mariolopezestrada.org\/en\/wp-json\/wp\/v2\/pages"}],"about":[{"href":"https:\/\/mariolopezestrada.org\/en\/wp-json\/wp\/v2\/types\/page"}],"author":[{"embeddable":true,"href":"https:\/\/mariolopezestrada.org\/en\/wp-json\/wp\/v2\/users\/5"}],"replies":[{"embeddable":true,"href":"https:\/\/mariolopezestrada.org\/en\/wp-json\/wp\/v2\/comments?post=1353"}],"version-history":[{"count":34,"href":"https:\/\/mariolopezestrada.org\/en\/wp-json\/wp\/v2\/pages\/1353\/revisions"}],"predecessor-version":[{"id":3693,"href":"https:\/\/mariolopezestrada.org\/en\/wp-json\/wp\/v2\/pages\/1353\/revisions\/3693"}],"wp:attachment":[{"href":"https:\/\/mariolopezestrada.org\/en\/wp-json\/wp\/v2\/media?parent=1353"}],"curies":[{"name":"wp","href":"https:\/\/api.w.org\/{rel}","templated":true}]}}